{"id":1211,"date":"2024-08-18T08:21:31","date_gmt":"2024-08-18T08:21:31","guid":{"rendered":"https:\/\/stage.bagelboys.ch\/?page_id=1211"},"modified":"2025-06-05T14:27:40","modified_gmt":"2025-06-05T12:27:40","slug":"gastro-order-frontpage","status":"publish","type":"page","link":"https:\/\/stage.bagelboys.ch\/en\/gastro-order-frontpage\/","title":{"rendered":"BAKERY"},"content":{"rendered":"<div data-elementor-type=\"wp-page\" data-elementor-id=\"1211\" class=\"elementor elementor-1211\">\n\t\t\t\t<div class=\"elementor-element elementor-element-bb29b9c e-con-full lightbrown__background e-flex e-con e-parent\" data-id=\"bb29b9c\" data-element_type=\"container\" data-e-type=\"container\" data-settings=\"{&quot;background_background&quot;:&quot;classic&quot;}\">\n\t\t<div class=\"elementor-element elementor-element-1b63c14 e-flex e-con-boxed e-con e-child\" data-id=\"1b63c14\" data-element_type=\"container\" data-e-type=\"container\">\n\t\t\t\t\t<div class=\"e-con-inner\">\n\t\t\t\t<div class=\"elementor-element elementor-element-d3d416e elementor-widget elementor-widget-heading\" data-id=\"d3d416e\" data-element_type=\"widget\" data-e-type=\"widget\" data-widget_type=\"heading.default\">\n\t\t\t\t<div class=\"elementor-widget-container\">\n\t\t\t\t\t<h1 class=\"elementor-heading-title elementor-size-default\">Swiss Bagel Bakery<\/h1>\t\t\t\t<\/div>\n\t\t\t\t<\/div>\n\t\t<div class=\"elementor-element elementor-element-8e4bce8 e-flex e-con-boxed e-con e-child\" data-id=\"8e4bce8\" data-element_type=\"container\" data-e-type=\"container\">\n\t\t\t\t\t<div class=\"e-con-inner\">\n\t\t\t\t<div class=\"elementor-element elementor-element-a3fdedf elementor-widget elementor-widget-text-editor\" data-id=\"a3fdedf\" data-element_type=\"widget\" data-e-type=\"widget\" data-widget_type=\"text-editor.default\">\n\t\t\t\t<div class=\"elementor-widget-container\">\n\t\t\t\t\t\t\t\t\t<p>Authentische NY-Bagels zu backen ist nicht einfach. Die Rezepte und Prozesse wurden in den letzten 10 Jahren immer wieder angepasst und verbessert. Gleichzeitig produzieren wir amerikanische S\u00fcssgeb\u00e4cke, deren Rezepte Mitgr\u00fcnder Martin w\u00e4hrend seiner 18-monatigen Anstellung als Konditor in den USA nach Hause geschmuggelt hat. Seit 2012 beliefern wir Wiederverk\u00e4ufer wie Restaurants, Bistros und Caf\u00e9s, aber auch B\u00e4ckereien und Hotels in der ganzen Schweiz mit unseren Bagels und Sweets.<\/p>\t\t\t\t\t\t\t\t<\/div>\n\t\t\t\t<\/div>\n\t\t\t\t\t<\/div>\n\t\t\t\t<\/div>\n\t\t\t\t\t<\/div>\n\t\t\t\t<\/div>\n\t\t<div class=\"elementor-element elementor-element-72178eb e-con-full slider__part e-flex e-con e-child\" data-id=\"72178eb\" data-element_type=\"container\" data-e-type=\"container\">\n\t\t\t\t<div class=\"elementor-element elementor-element-8c0af0b elementor-widget elementor-widget-image-carousel\" data-id=\"8c0af0b\" data-element_type=\"widget\" data-e-type=\"widget\" data-settings=\"{&quot;slides_to_show&quot;:&quot;3&quot;,&quot;slides_to_scroll&quot;:&quot;1&quot;,&quot;navigation&quot;:&quot;none&quot;,&quot;autoplay_speed&quot;:3000,&quot;autoplay&quot;:&quot;yes&quot;,&quot;pause_on_hover&quot;:&quot;yes&quot;,&quot;pause_on_interaction&quot;:&quot;yes&quot;,&quot;infinite&quot;:&quot;yes&quot;,&quot;speed&quot;:500}\" data-widget_type=\"image-carousel.default\">\n\t\t\t\t<div class=\"elementor-widget-container\">\n\t\t\t\t\t\t\t<div class=\"elementor-image-carousel-wrapper swiper\" role=\"region\" aria-roledescription=\"carousel\" aria-label=\"Image Carousel\" dir=\"ltr\">\n\t\t\t<div class=\"elementor-image-carousel swiper-wrapper swiper-image-stretch\" aria-live=\"off\">\n\t\t\t\t\t\t\t\t<div class=\"swiper-slide\" role=\"group\" aria-roledescription=\"slide\" aria-label=\"1 of 7\"><figure class=\"swiper-slide-inner\"><img decoding=\"async\" class=\"swiper-slide-image\" src=\"https:\/\/stage.bagelboys.ch\/wp-content\/uploads\/2025\/04\/carrotcake.making-2.webp\" alt=\"carrotcake.making-2\" \/><\/figure><\/div><div class=\"swiper-slide\" role=\"group\" aria-roledescription=\"slide\" aria-label=\"2 of 7\"><figure class=\"swiper-slide-inner\"><img decoding=\"async\" class=\"swiper-slide-image\" src=\"https:\/\/stage.bagelboys.ch\/wp-content\/uploads\/2025\/04\/Sunflower.gebacken.webp\" alt=\"Sunflower.gebacken\" \/><\/figure><\/div><div class=\"swiper-slide\" role=\"group\" aria-roledescription=\"slide\" aria-label=\"3 of 7\"><figure class=\"swiper-slide-inner\"><img decoding=\"async\" class=\"swiper-slide-image\" src=\"https:\/\/stage.bagelboys.ch\/wp-content\/uploads\/2025\/04\/TK.Lager_.webp\" alt=\"TK.Lager_\" \/><\/figure><\/div><div class=\"swiper-slide\" role=\"group\" aria-roledescription=\"slide\" aria-label=\"4 of 7\"><figure class=\"swiper-slide-inner\"><img decoding=\"async\" class=\"swiper-slide-image\" src=\"https:\/\/stage.bagelboys.ch\/wp-content\/uploads\/2025\/04\/Sunflower.seed_.Rohling.webp\" alt=\"Sunflower.seed_.Rohling\" \/><\/figure><\/div><div class=\"swiper-slide\" role=\"group\" aria-roledescription=\"slide\" aria-label=\"5 of 7\"><figure class=\"swiper-slide-inner\"><img decoding=\"async\" class=\"swiper-slide-image\" src=\"https:\/\/stage.bagelboys.ch\/wp-content\/uploads\/2025\/04\/Rohlinge.auf_.Wagen_.webp\" alt=\"Rohlinge.auf_.Wagen_\" \/><\/figure><\/div><div class=\"swiper-slide\" role=\"group\" aria-roledescription=\"slide\" aria-label=\"6 of 7\"><figure class=\"swiper-slide-inner\"><img decoding=\"async\" class=\"swiper-slide-image\" src=\"https:\/\/stage.bagelboys.ch\/wp-content\/uploads\/2025\/04\/Martin.mit_.Schachtel.webp\" alt=\"Martin.mit_.Schachtel\" \/><\/figure><\/div><div class=\"swiper-slide\" role=\"group\" aria-roledescription=\"slide\" aria-label=\"7 of 7\"><figure class=\"swiper-slide-inner\"><img decoding=\"async\" class=\"swiper-slide-image\" src=\"https:\/\/stage.bagelboys.ch\/wp-content\/uploads\/2025\/04\/Sesam.gebacken.webp\" alt=\"Sesam.gebacken\" \/><\/figure><\/div>\t\t\t<\/div>\n\t\t\t\t\t\t\t\n\t\t\t\t\t\t\t\t\t<\/div>\n\t\t\t\t\t\t<\/div>\n\t\t\t\t<\/div>\n\t\t\t\t<\/div>\n\t\t<div class=\"elementor-element elementor-element-3af0463 green--background e-flex e-con-boxed e-con e-child\" data-id=\"3af0463\" data-element_type=\"container\" data-e-type=\"container\">\n\t\t\t\t\t<div class=\"e-con-inner\">\n\t\t<div class=\"elementor-element elementor-element-571a155 slider__part e-con-full e-flex e-con e-child\" data-id=\"571a155\" data-element_type=\"container\" data-e-type=\"container\">\n\t\t<div class=\"elementor-element elementor-element-88def8a e-flex e-con-boxed e-con e-child\" data-id=\"88def8a\" data-element_type=\"container\" data-e-type=\"container\">\n\t\t\t\t\t<div class=\"e-con-inner\">\n\t\t\t\t<div class=\"elementor-element elementor-element-a7ad74f choose__image elementor-widget elementor-widget-image\" data-id=\"a7ad74f\" data-element_type=\"widget\" data-e-type=\"widget\" data-widget_type=\"image.default\">\n\t\t\t\t<div class=\"elementor-widget-container\">\n\t\t\t\t\t\t\t\t\t\t\t\t\t\t\t<img fetchpriority=\"high\" decoding=\"async\" width=\"500\" height=\"700\" src=\"https:\/\/stage.bagelboys.ch\/wp-content\/uploads\/2025\/04\/cinnamon.webp\" class=\"attachment-large size-large wp-image-4736\" alt=\"\" srcset=\"https:\/\/stage.bagelboys.ch\/wp-content\/uploads\/2025\/04\/cinnamon.webp 500w, https:\/\/stage.bagelboys.ch\/wp-content\/uploads\/2025\/04\/cinnamon-214x300.webp 214w, https:\/\/stage.bagelboys.ch\/wp-content\/uploads\/2025\/04\/cinnamon-9x12.webp 9w, https:\/\/stage.bagelboys.ch\/wp-content\/uploads\/2025\/04\/cinnamon-300x420.webp 300w\" sizes=\"(max-width: 500px) 100vw, 500px\" \/>\t\t\t\t\t\t\t\t\t\t\t\t\t\t\t<\/div>\n\t\t\t\t<\/div>\n\t\t\t\t\t<\/div>\n\t\t\t\t<\/div>\n\t\t<div class=\"elementor-element elementor-element-658f029 e-flex e-con-boxed e-con e-child\" data-id=\"658f029\" data-element_type=\"container\" data-e-type=\"container\">\n\t\t\t\t\t<div class=\"e-con-inner\">\n\t\t\t\t<div class=\"elementor-element elementor-element-3e5a43f elementor-widget elementor-widget-heading\" data-id=\"3e5a43f\" data-element_type=\"widget\" data-e-type=\"widget\" data-widget_type=\"heading.default\">\n\t\t\t\t<div class=\"elementor-widget-container\">\n\t\t\t\t\t<h2 class=\"elementor-heading-title elementor-size-default\">Ready to order?<\/h2>\t\t\t\t<\/div>\n\t\t\t\t<\/div>\n\t\t\t\t<div class=\"elementor-element elementor-element-c6f64b3 elementor-widget elementor-widget-text-editor\" data-id=\"c6f64b3\" data-element_type=\"widget\" data-e-type=\"widget\" data-widget_type=\"text-editor.default\">\n\t\t\t\t<div class=\"elementor-widget-container\">\n\t\t\t\t\t\t\t\t\t<p>Log in to your account to place an order. If you don't have an account yet, please register now. After a brief verification, we'll send you the login details to place your order.<\/p>\t\t\t\t\t\t\t\t<\/div>\n\t\t\t\t<\/div>\n\t\t\t\t<div class=\"elementor-element elementor-element-3395e2a elementor-widget elementor-widget-shortcode\" data-id=\"3395e2a\" data-element_type=\"widget\" data-e-type=\"widget\" data-widget_type=\"shortcode.default\">\n\t\t\t\t<div class=\"elementor-widget-container\">\n\t\t\t\t\t\t\t<div class=\"elementor-shortcode\">\t\t\t\t\t\t\t<a class=\"small__modal__url\" href=\"\/en\/gastro-order-frontpage\/gastro-order\/\">\n\t\t\t\t\t<button class=\"primary__btn big--btn\">\n\t\t\t\t\t\tonline shop\t\t\t\t\t<\/button>\n\t\t\t\t<\/a>\n\t\t\t<\/div>\n\t\t\t\t\t\t<\/div>\n\t\t\t\t<\/div>\n\t\t\t\t\t<\/div>\n\t\t\t\t<\/div>\n\t\t\t\t<\/div>\n\t\t<div class=\"elementor-element elementor-element-f225c23 slider__part e-con-full e-flex e-con e-child\" data-id=\"f225c23\" data-element_type=\"container\" data-e-type=\"container\">\n\t\t<div class=\"elementor-element elementor-element-b36ddcd e-flex e-con-boxed e-con e-child\" data-id=\"b36ddcd\" data-element_type=\"container\" data-e-type=\"container\">\n\t\t\t\t\t<div class=\"e-con-inner\">\n\t\t\t\t<div class=\"elementor-element elementor-element-1c62d0b elementor-widget elementor-widget-heading\" data-id=\"1c62d0b\" data-element_type=\"widget\" data-e-type=\"widget\" data-widget_type=\"heading.default\">\n\t\t\t\t<div class=\"elementor-widget-container\">\n\t\t\t\t\t<h2 class=\"elementor-heading-title elementor-size-default\">Samples order?<\/h2>\t\t\t\t<\/div>\n\t\t\t\t<\/div>\n\t\t\t\t<div class=\"elementor-element elementor-element-0056015 elementor-widget elementor-widget-text-editor\" data-id=\"0056015\" data-element_type=\"widget\" data-e-type=\"widget\" data-widget_type=\"text-editor.default\">\n\t\t\t\t<div class=\"elementor-widget-container\">\n\t\t\t\t\t\t\t\t\t<p>Do you work for a restaurant or bakery and would like to add bagels to your range? Or are you not satisfied with the current bagels at your business? We'd be happy to send you free samples by mail. Send us an email with your request and delivery address. (Not available for private customers)<\/p>\t\t\t\t\t\t\t\t<\/div>\n\t\t\t\t<\/div>\n\t\t\t\t<div class=\"elementor-element elementor-element-16db541 elementor-mobile-align-justify elementor-widget elementor-widget-button\" data-id=\"16db541\" data-element_type=\"widget\" data-e-type=\"widget\" data-widget_type=\"button.default\">\n\t\t\t\t<div class=\"elementor-widget-container\">\n\t\t\t\t\t\t\t\t\t<div class=\"elementor-button-wrapper\">\n\t\t\t\t\t<a class=\"elementor-button elementor-button-link elementor-size-sm\" href=\"https:\/\/stage.bagelboys.ch\/wp-content\/uploads\/2025\/01\/preisliste.pdf\" download=\"\">\n\t\t\t\t\t\t<span class=\"elementor-button-content-wrapper\">\n\t\t\t\t\t\t\t\t\t<span class=\"elementor-button-text\">Offer and price list<\/span>\n\t\t\t\t\t<\/span>\n\t\t\t\t\t<\/a>\n\t\t\t\t<\/div>\n\t\t\t\t\t\t\t\t<\/div>\n\t\t\t\t<\/div>\n\t\t\t\t\t<\/div>\n\t\t\t\t<\/div>\n\t\t<div class=\"elementor-element elementor-element-f7fe67c e-flex e-con-boxed e-con e-child\" data-id=\"f7fe67c\" data-element_type=\"container\" data-e-type=\"container\">\n\t\t\t\t\t<div class=\"e-con-inner\">\n\t\t\t\t<div class=\"elementor-element elementor-element-3d38a3b choose__image elementor-widget elementor-widget-image\" data-id=\"3d38a3b\" data-element_type=\"widget\" data-e-type=\"widget\" data-widget_type=\"image.default\">\n\t\t\t\t<div class=\"elementor-widget-container\">\n\t\t\t\t\t\t\t\t\t\t\t\t\t\t\t<img decoding=\"async\" width=\"500\" height=\"700\" src=\"https:\/\/stage.bagelboys.ch\/wp-content\/uploads\/2025\/04\/Samples.webp\" class=\"attachment-large size-large wp-image-4737\" alt=\"\" srcset=\"https:\/\/stage.bagelboys.ch\/wp-content\/uploads\/2025\/04\/Samples.webp 500w, https:\/\/stage.bagelboys.ch\/wp-content\/uploads\/2025\/04\/Samples-214x300.webp 214w, https:\/\/stage.bagelboys.ch\/wp-content\/uploads\/2025\/04\/Samples-9x12.webp 9w, https:\/\/stage.bagelboys.ch\/wp-content\/uploads\/2025\/04\/Samples-300x420.webp 300w\" sizes=\"(max-width: 500px) 100vw, 500px\" \/>\t\t\t\t\t\t\t\t\t\t\t\t\t\t\t<\/div>\n\t\t\t\t<\/div>\n\t\t\t\t\t<\/div>\n\t\t\t\t<\/div>\n\t\t\t\t<\/div>\n\t\t\t\t\t<\/div>\n\t\t\t\t<\/div>\n\t\t\t\t<\/div>\n\t\t<div class=\"elementor-element elementor-element-e1914bf orange--background e-flex e-con-boxed e-con e-parent\" data-id=\"e1914bf\" data-element_type=\"container\" data-e-type=\"container\" data-settings=\"{&quot;background_background&quot;:&quot;classic&quot;}\">\n\t\t\t\t\t<div class=\"e-con-inner\">\n\t\t<div class=\"elementor-element elementor-element-6aa2ff5 e-flex e-con-boxed e-con e-child\" data-id=\"6aa2ff5\" data-element_type=\"container\" data-e-type=\"container\">\n\t\t\t\t\t<div class=\"e-con-inner\">\n\t\t\t\t<div class=\"elementor-element elementor-element-26b2575 elementor-widget elementor-widget-heading\" data-id=\"26b2575\" data-element_type=\"widget\" data-e-type=\"widget\" data-widget_type=\"heading.default\">\n\t\t\t\t<div class=\"elementor-widget-container\">\n\t\t\t\t\t<h2 class=\"elementor-heading-title elementor-size-default\">GASTRO DELIVERY CONDITIONS<\/h2>\t\t\t\t<\/div>\n\t\t\t\t<\/div>\n\t\t<div class=\"elementor-element elementor-element-509edc3 e-flex e-con-boxed e-con e-child\" data-id=\"509edc3\" data-element_type=\"container\" data-e-type=\"container\">\n\t\t\t\t\t<div class=\"e-con-inner\">\n\t\t<div class=\"elementor-element elementor-element-afdb07b e-flex e-con-boxed e-con e-child\" data-id=\"afdb07b\" data-element_type=\"container\" data-e-type=\"container\" data-settings=\"{&quot;background_background&quot;:&quot;classic&quot;}\">\n\t\t\t\t\t<div class=\"e-con-inner\">\n\t\t\t\t<div class=\"elementor-element elementor-element-0b5e21e elementor-widget elementor-widget-image\" data-id=\"0b5e21e\" data-element_type=\"widget\" data-e-type=\"widget\" data-widget_type=\"image.default\">\n\t\t\t\t<div class=\"elementor-widget-container\">\n\t\t\t\t\t\t\t\t\t\t\t\t\t\t\t<img decoding=\"async\" width=\"72\" height=\"72\" src=\"https:\/\/stage.bagelboys.ch\/wp-content\/smush-webp\/2024\/05\/Frame-627172.png.webp\" class=\"attachment-large size-large wp-image-369\" alt=\"\" \/>\t\t\t\t\t\t\t\t\t\t\t\t\t\t\t<\/div>\n\t\t\t\t<\/div>\n\t\t\t\t<div class=\"elementor-element elementor-element-dd5744f elementor-widget elementor-widget-heading\" data-id=\"dd5744f\" data-element_type=\"widget\" data-e-type=\"widget\" data-widget_type=\"heading.default\">\n\t\t\t\t<div class=\"elementor-widget-container\">\n\t\t\t\t\t<h3 class=\"elementor-heading-title elementor-size-default\">Order<\/h3>\t\t\t\t<\/div>\n\t\t\t\t<\/div>\n\t\t\t\t<div class=\"elementor-element elementor-element-04de99a elementor-widget elementor-widget-text-editor\" data-id=\"04de99a\" data-element_type=\"widget\" data-e-type=\"widget\" data-widget_type=\"text-editor.default\">\n\t\t\t\t<div class=\"elementor-widget-container\">\n\t\t\t\t\t\t\t\t\tOrders must be placed at least 3 working days in advance on this online platform. We may need longer for the delivery of sweets. The boxes of bagels can be mixed with a maximum of 2 different varieties. There must always be whole boxes. The bagels can also be ordered pre-cut horizontally. Delivery is free for orders of 5 or more boxes. We have 3 different price categories. Prices are exclusive of VAT.\t\t\t\t\t\t\t\t<\/div>\n\t\t\t\t<\/div>\n\t\t\t\t\t<\/div>\n\t\t\t\t<\/div>\n\t\t<div class=\"elementor-element elementor-element-445ae13 e-flex e-con-boxed e-con e-child\" data-id=\"445ae13\" data-element_type=\"container\" data-e-type=\"container\" data-settings=\"{&quot;background_background&quot;:&quot;classic&quot;}\">\n\t\t\t\t\t<div class=\"e-con-inner\">\n\t\t\t\t<div class=\"elementor-element elementor-element-011bb08 elementor-widget elementor-widget-image\" data-id=\"011bb08\" data-element_type=\"widget\" data-e-type=\"widget\" data-widget_type=\"image.default\">\n\t\t\t\t<div class=\"elementor-widget-container\">\n\t\t\t\t\t\t\t\t\t\t\t\t\t\t\t<img loading=\"lazy\" decoding=\"async\" width=\"72\" height=\"72\" src=\"https:\/\/stage.bagelboys.ch\/wp-content\/smush-webp\/2024\/05\/Frame-627172-1.png.webp\" class=\"attachment-large size-large wp-image-376\" alt=\"\" \/>\t\t\t\t\t\t\t\t\t\t\t\t\t\t\t<\/div>\n\t\t\t\t<\/div>\n\t\t\t\t<div class=\"elementor-element elementor-element-bea4bbf elementor-widget elementor-widget-heading\" data-id=\"bea4bbf\" data-element_type=\"widget\" data-e-type=\"widget\" data-widget_type=\"heading.default\">\n\t\t\t\t<div class=\"elementor-widget-container\">\n\t\t\t\t\t<h3 class=\"elementor-heading-title elementor-size-default\">Delivery\/pick up<\/h3>\t\t\t\t<\/div>\n\t\t\t\t<\/div>\n\t\t\t\t<div class=\"elementor-element elementor-element-8c8d426 elementor-widget elementor-widget-text-editor\" data-id=\"8c8d426\" data-element_type=\"widget\" data-e-type=\"widget\" data-widget_type=\"text-editor.default\">\n\t\t\t\t<div class=\"elementor-widget-container\">\n\t\t\t\t\t\t\t\t\tWe deliver throughout Switzerland and Liechtenstein from Monday to Friday between 7 a.m. and 2 p.m. The delivery time can only be selected to a limited extent. The minimum order quantity is one box. The products are delivered frozen. Mountain regions cannot be delivered to on certain days. Orders can be picked up during the week at our production site in Birmenstorf AG near Baden until 3 p.m.\t\t\t\t\t\t\t\t<\/div>\n\t\t\t\t<\/div>\n\t\t\t\t\t<\/div>\n\t\t\t\t<\/div>\n\t\t<div class=\"elementor-element elementor-element-8e797f7 e-flex e-con-boxed e-con e-child\" data-id=\"8e797f7\" data-element_type=\"container\" data-e-type=\"container\" data-settings=\"{&quot;background_background&quot;:&quot;classic&quot;}\">\n\t\t\t\t\t<div class=\"e-con-inner\">\n\t\t\t\t<div class=\"elementor-element elementor-element-a0560b4 elementor-widget elementor-widget-image\" data-id=\"a0560b4\" data-element_type=\"widget\" data-e-type=\"widget\" data-widget_type=\"image.default\">\n\t\t\t\t<div class=\"elementor-widget-container\">\n\t\t\t\t\t\t\t\t\t\t\t\t\t\t\t<img loading=\"lazy\" decoding=\"async\" width=\"72\" height=\"72\" src=\"https:\/\/stage.bagelboys.ch\/wp-content\/smush-webp\/2024\/05\/Frame-627172-2.png.webp\" class=\"attachment-large size-large wp-image-377\" alt=\"\" \/>\t\t\t\t\t\t\t\t\t\t\t\t\t\t\t<\/div>\n\t\t\t\t<\/div>\n\t\t\t\t<div class=\"elementor-element elementor-element-3d1f8a2 elementor-widget elementor-widget-heading\" data-id=\"3d1f8a2\" data-element_type=\"widget\" data-e-type=\"widget\" data-widget_type=\"heading.default\">\n\t\t\t\t<div class=\"elementor-widget-container\">\n\t\t\t\t\t<h3 class=\"elementor-heading-title elementor-size-default\">Product Info<\/h3>\t\t\t\t<\/div>\n\t\t\t\t<\/div>\n\t\t\t\t<div class=\"elementor-element elementor-element-d8ca928 elementor-widget elementor-widget-text-editor\" data-id=\"d8ca928\" data-element_type=\"widget\" data-e-type=\"widget\" data-widget_type=\"text-editor.default\">\n\t\t\t\t<div class=\"elementor-widget-container\">\n\t\t\t\t\t\t\t\t\tOur products are fully baked and delivered frozen. We recommend toasting the bagels before topping or baking them for 3 minutes at 200\u00b0C. The bagels can be stored in an airtight container for at least 3 months at -18\u00b0C. Always close open bags with clamps to avoid freezer burn.\t\t\t\t\t\t\t\t<\/div>\n\t\t\t\t<\/div>\n\t\t\t\t\t<\/div>\n\t\t\t\t<\/div>\n\t\t\t\t\t<\/div>\n\t\t\t\t<\/div>\n\t\t\t\t\t<\/div>\n\t\t\t\t<\/div>\n\t\t\t\t\t<\/div>\n\t\t\t\t<\/div>\n\t\t\t\t<\/div>","protected":false},"excerpt":{"rendered":"<p>Swiss Bagel Bakery Authentische NY-Bagels zu backen ist nicht einfach. Die Rezepte und Prozesse wurden in den letzten 10 Jahren immer wieder angepasst und verbessert. Gleichzeitig produzieren wir amerikanische S\u00fcssgeb\u00e4cke, deren Rezepte Mitgr\u00fcnder Martin w\u00e4hrend seiner 18-monatigen Anstellung als Konditor in den USA nach Hause geschmuggelt hat. Seit 2012 beliefern wir Wiederverk\u00e4ufer wie Restaurants, Bistros [&hellip;]<\/p>\n","protected":false},"author":552,"featured_media":0,"parent":0,"menu_order":0,"comment_status":"closed","ping_status":"closed","template":"","meta":{"_acf_changed":false,"footnotes":""},"class_list":["post-1211","page","type-page","status-publish","hentry"],"acf":[],"_links":{"self":[{"href":"https:\/\/stage.bagelboys.ch\/en\/wp-json\/wp\/v2\/pages\/1211","targetHints":{"allow":["GET"]}}],"collection":[{"href":"https:\/\/stage.bagelboys.ch\/en\/wp-json\/wp\/v2\/pages"}],"about":[{"href":"https:\/\/stage.bagelboys.ch\/en\/wp-json\/wp\/v2\/types\/page"}],"author":[{"embeddable":true,"href":"https:\/\/stage.bagelboys.ch\/en\/wp-json\/wp\/v2\/users\/552"}],"replies":[{"embeddable":true,"href":"https:\/\/stage.bagelboys.ch\/en\/wp-json\/wp\/v2\/comments?post=1211"}],"version-history":[{"count":255,"href":"https:\/\/stage.bagelboys.ch\/en\/wp-json\/wp\/v2\/pages\/1211\/revisions"}],"predecessor-version":[{"id":5382,"href":"https:\/\/stage.bagelboys.ch\/en\/wp-json\/wp\/v2\/pages\/1211\/revisions\/5382"}],"wp:attachment":[{"href":"https:\/\/stage.bagelboys.ch\/en\/wp-json\/wp\/v2\/media?parent=1211"}],"curies":[{"name":"wp","href":"https:\/\/api.w.org\/{rel}","templated":true}]}}